{"id":425,"date":"2025-11-30T20:06:40","date_gmt":"2025-11-30T20:06:40","guid":{"rendered":"https:\/\/larosadeoro.net\/roscondereyes\/?page_id=425"},"modified":"2025-12-01T07:57:49","modified_gmt":"2025-12-01T07:57:49","slug":"quienes-somos","status":"publish","type":"page","link":"https:\/\/larosadeoro.net\/roscondereyes\/quienes-somos\/","title":{"rendered":"Quienes Somos"},"content":{"rendered":"<p>[vc_row row_type=\u00bbrow\u00bb use_row_as_full_screen_section=\u00bbno\u00bb type=\u00bbgrid\u00bb anchor=\u00bbabout\u00bb angled_section=\u00bbno\u00bb text_align=\u00bbleft\u00bb background_image_as_pattern=\u00bbwithout_pattern\u00bb css_animation=\u00bb\u00bb css=\u00bb.vc_custom_1468421315903{padding-top: 100px !important;padding-bottom: 87px !important;}\u00bb][vc_column][vc_single_image image=\u00bb327&#8243; img_size=\u00bbfull\u00bb alignment=\u00bbcenter\u00bb qode_css_animation=\u00bb\u00bb][vc_empty_space height=\u00bb26px\u00bb][vc_column_text]<\/p>\n<h1 style=\"text-align: center;\">La Rosa de Oro \u2013 Excelencia Artesana desde 1928<\/h1>\n<p>[\/vc_column_text][vc_empty_space height=\u00bb11px\u00bb][vc_column_text]<\/p>\n<p style=\"text-align: center;\">Con casi un siglo de historia, <strong>La Rosa de Oro<\/strong> es un emblema de la pasteler\u00eda artesana en Jerez de la Frontera. Fundada en 1928 y dirigida hoy por la tercera generaci\u00f3n de maestros pasteleros, la empresa mantiene vivo un legado basado en la calidad, la innovaci\u00f3n y el respeto por la tradici\u00f3n culinaria de nuestra tierra.<\/p>\n<p style=\"text-align: center;\">Nuestra plantilla, formada por profesionales altamente cualificados y en constante evoluci\u00f3n, refleja el esp\u00edritu joven y din\u00e1mico que impulsa el crecimiento de la marca.<\/p>\n<p>[\/vc_column_text][\/vc_column][\/vc_row][vc_row row_type=\u00bbparallax\u00bb parallax_content_width=\u00bbin_grid\u00bb text_align=\u00bbcenter\u00bb background_image=\u00bb436&#8243; full_screen_section_height=\u00bbno\u00bb][vc_column css=\u00bb.vc_custom_1468419477434{padding-top: 9% !important;padding-bottom: 11.35% !important;}\u00bb][vc_column_text]<\/p>\n<h3 style=\"text-align: center; color: #ffffff;\">Atenci\u00f3n exquisita<\/h3>\n<p>[\/vc_column_text][vc_empty_space height=\u00bb11px\u00bb][vc_column_text]<\/p>\n<h5 style=\"text-align: center; color: #ffffff;\">Un asunto muy personal y profesional<\/h5>\n<p>[\/vc_column_text][vc_empty_space height=\u00bb68px\u00bb][vc_column_text]<\/p>\n<p style=\"text-align: center; color: #ffffff;\">Tres establecimientos propios y colaboraci\u00f3n con diversas cafeter\u00edas que conf\u00edan en nuestra marca.<\/p>\n<p>[\/vc_column_text][vc_empty_space height=\u00bb15px\u00bb][\/vc_column][\/vc_row][vc_row row_type=\u00bbrow\u00bb use_row_as_full_screen_section=\u00bbno\u00bb type=\u00bbgrid\u00bb anchor=\u00bbnews\u00bb angled_section=\u00bbno\u00bb text_align=\u00bbleft\u00bb background_image_as_pattern=\u00bbwithout_pattern\u00bb css_animation=\u00bb\u00bb css=\u00bb.vc_custom_1481796833622{padding-top: 117px !important;}\u00bb][vc_column][vc_single_image image=\u00bb327&#8243; img_size=\u00bbfull\u00bb alignment=\u00bbcenter\u00bb qode_css_animation=\u00bb\u00bb][vc_empty_space height=\u00bb26px\u00bb][vc_column_text]<\/p>\n<h3 style=\"text-align: center;\">Tradici\u00f3n que perdura,<br \/>\ninnovaci\u00f3n que inspira<\/h3>\n<p>[\/vc_column_text][vc_empty_space height=\u00bb11px\u00bb][qode_elements_holder number_of_columns=\u00bbthree_columns\u00bb][qode_elements_holder_item advanced_animations=\u00bbno\u00bb][\/qode_elements_holder_item][qode_elements_holder_item advanced_animations=\u00bbno\u00bb][vc_column_text]<strong>La Rosa de Oro<\/strong> ha sabido adaptarse a los nuevos tiempos sin renunciar a su esencia. Esta filosof\u00eda ha dado lugar a creaciones \u00fanicas que ya forman parte del patrimonio gastron\u00f3mico de Jerez y Andaluc\u00eda:<\/p>\n<ul>\n<li aria-level=\"1\"><strong>Tarta T\u00edpica del Se\u00f1or de la Puerta Real:<\/strong> un dulce artesano elaborado con materias primas 100 % naturales.<\/li>\n<li aria-level=\"1\"><strong>La Carmela:<\/strong>\u00a0 receta original de 1934, hoy extendida por toda Andaluc\u00eda.<\/li>\n<li aria-level=\"1\"><strong>Bomvinos:<\/strong>\u00a0bombones de chocolate rellenos de vinos de Jerez, exclusivos por su elaboraci\u00f3n y t\u00e9cnica.<\/li>\n<li aria-level=\"1\"><strong>Catavino de Chocolate:<\/strong> pieza ic\u00f3nica que une dos identidades: el vino y el cacao.<\/li>\n<li aria-level=\"1\"><strong>Sherry-Ice:<\/strong>\u00a0 helados artesanos maridados con vinos y bodegas del marco de Jerez.<\/li>\n<li aria-level=\"1\"><strong>Recuperaciones hist\u00f3ricas:<\/strong> Torta de San Bartolom\u00e9, Bizcocho Medieval, Tocino de Cielo reinterpretado.<\/li>\n<\/ul>\n<p>Cada producto nace del estudio, la experimentaci\u00f3n y el amor por nuestra cultura gastron\u00f3mica, posicionando a la pasteler\u00eda como referente de creatividad en el sector[\/vc_column_text][\/qode_elements_holder_item][qode_elements_holder_item advanced_animations=\u00bbno\u00bb][\/qode_elements_holder_item][\/qode_elements_holder][vc_empty_space][\/vc_column][\/vc_row][vc_row row_type=\u00bbrow\u00bb use_row_as_full_screen_section=\u00bbno\u00bb type=\u00bbfull_width\u00bb anchor=\u00bbvariedades\u00bb angled_section=\u00bbno\u00bb text_align=\u00bbleft\u00bb background_image_as_pattern=\u00bbwithout_pattern\u00bb css_animation=\u00bb\u00bb][vc_column][qode_elements_holder background_color=\u00bb#fafafa\u00bb number_of_columns=\u00bbtwo_columns\u00bb switch_to_one_column=\u00bb768&#8243; alignment_one_column=\u00bbcenter\u00bb][qode_elements_holder_item background_color=\u00bb#fafafa\u00bb background_image=\u00bb473&#8243; item_padding=\u00bb0% 0% 0% 0%\u00bb vertical_alignment=\u00bbmiddle\u00bb advanced_animations=\u00bbno\u00bb item_padding_1024_1280=\u00bb0% 0% 0% 0%\u00bb item_padding_768_1024=\u00bb0% 0% 0% 0%\u00bb item_padding_600_768=\u00bb39%\u00bb item_padding_480_600=\u00bb46%\u00bb item_padding_480=\u00bb55%\u00bb][\/qode_elements_holder_item][qode_elements_holder_item background_color=\u00bb#fafafa\u00bb item_padding=\u00bb12.8% 20.7% 12.7% 20.5%\u00bb advanced_animations=\u00bbno\u00bb item_padding_1024_1280=\u00bb10% 19.3% 11.5% 18%\u00bb item_padding_600_768=\u00bb7.5% 17.7% 11.5% 16%\u00bb item_padding_480_600=\u00bb7% 17% 11.5% 16% \u00bb item_padding_480=\u00bb3% 16.7% 11.5% 16%\u00bb][vc_column_text]<\/p>\n<h3 style=\"text-align: left;\">Reconocimiento y Prestigio<\/h3>\n<p>[\/vc_column_text][vc_column_text]Nuestra trayectoria ha sido distinguida con importantes galardones:<\/p>\n<ul>\n<li aria-level=\"1\">World Record Guiness 1994.<\/li>\n<li aria-level=\"1\">\u00a0Colaboraci\u00f3n especial en pastel de la Boda Real con Paco Torreblanca en Madrid 2004.<\/li>\n<li aria-level=\"1\">Mejor imagen comercial Provincia de C\u00e1diz 2009 (Segundo premio).<\/li>\n<li aria-level=\"1\">Acc\u00e9sit del Premio Nacional de Comercio 2019.<\/li>\n<li aria-level=\"1\">2\u00ba Premio I+D+i Andaluc\u00eda Fundaci\u00f3n Cajasol, por el desarrollo de productos innovadores aplicados al comercio.<\/li>\n<li aria-level=\"1\">Premio Solete de Repsol, un reconocimiento a la calidad y dedicaci\u00f3n que caracteriza nuestro trabajo.<\/li>\n<\/ul>\n<p>Estos reconocimientos avalan nuestro compromiso con la excelencia y nuestra aportaci\u00f3n al tejido comercial y cultural de la ciudad.[\/vc_column_text][\/qode_elements_holder_item][\/qode_elements_holder][\/vc_column][\/vc_row][vc_row row_type=\u00bbrow\u00bb use_row_as_full_screen_section=\u00bbno\u00bb type=\u00bbfull_width\u00bb angled_section=\u00bbno\u00bb text_align=\u00bbleft\u00bb background_image_as_pattern=\u00bbwithout_pattern\u00bb css_animation=\u00bb\u00bb][vc_column][qode_elements_holder number_of_columns=\u00bbtwo_columns\u00bb][qode_elements_holder_item background_color=\u00bb#fafafa\u00bb item_padding=\u00bb12.8% 20.7% 12.7% 20.5%\u00bb advanced_animations=\u00bbno\u00bb item_padding_1024_1280=\u00bb10% 19.3% 11.5% 18%\u00bb item_padding_600_768=\u00bb7.5% 17.7% 11.5% 16%\u00bb item_padding_480_600=\u00bb7% 17% 11.5% 16% \u00bb item_padding_480=\u00bb3% 16.7% 11.5% 16%\u00bb][vc_column_text]<\/p>\n<h3 style=\"text-align: left;\">Compromiso con Jerez y su Cultura<\/h3>\n<p>[\/vc_column_text][vc_column_text]<strong>La Rosa de Oro<\/strong> no solo elabora dulces: difunde la historia y los sabores de Jerez a trav\u00e9s de iniciativas que fortalecen la identidad de la ciudad:<\/p>\n<ul>\n<li aria-level=\"1\">Colaboraci\u00f3n con hermandades, asociaciones culturales y organismos locales.<\/li>\n<li aria-level=\"1\">Organizaci\u00f3n de las Jornadas de Dulces Antiguos, un evento que conecta a Jerez con sus ra\u00edces gastron\u00f3micas.<\/li>\n<li aria-level=\"1\">Actividades divulgativas como catas de chocolate, maridajes y proyectos educativos.<\/li>\n<li aria-level=\"1\">Participaci\u00f3n en exposiciones, congresos y eventos gastron\u00f3micos.<\/li>\n<\/ul>\n<p>Nuestra labor contribuye a posicionar a Jerez como destino tur\u00edstico y gastron\u00f3mico de referencia.[\/vc_column_text][\/qode_elements_holder_item][qode_elements_holder_item background_image=\u00bb460&#8243; item_padding=\u00bb0% 0% 0% 0%\u00bb advanced_animations=\u00bbno\u00bb item_padding_1024_1280=\u00bb0% 0% 0% 0%\u00bb item_padding_768_1024=\u00bb5% 5% 5% 5%\u00bb item_padding_600_768=\u00bb20% 5% 61% 5%\u00bb item_padding_480_600=\u00bb46%\u00bb item_padding_480=\u00bb55%\u00bb][\/qode_elements_holder_item][\/qode_elements_holder][\/vc_column][\/vc_row][vc_row row_type=\u00bbrow\u00bb use_row_as_full_screen_section=\u00bbno\u00bb type=\u00bbfull_width\u00bb anchor=\u00bbvariedades\u00bb angled_section=\u00bbno\u00bb text_align=\u00bbleft\u00bb background_image_as_pattern=\u00bbwithout_pattern\u00bb css_animation=\u00bb\u00bb][vc_column][qode_elements_holder background_color=\u00bb#fafafa\u00bb number_of_columns=\u00bbtwo_columns\u00bb switch_to_one_column=\u00bb768&#8243; alignment_one_column=\u00bbcenter\u00bb][qode_elements_holder_item background_color=\u00bb#fafafa\u00bb background_image=\u00bb476&#8243; item_padding=\u00bb0% 0% 0% 0%\u00bb vertical_alignment=\u00bbmiddle\u00bb advanced_animations=\u00bbno\u00bb item_padding_1024_1280=\u00bb0% 0% 0% 0%\u00bb item_padding_768_1024=\u00bb0% 0% 0% 0%\u00bb item_padding_600_768=\u00bb39%\u00bb item_padding_480_600=\u00bb46%\u00bb item_padding_480=\u00bb55%\u00bb][\/qode_elements_holder_item][qode_elements_holder_item background_color=\u00bb#fafafa\u00bb item_padding=\u00bb12.8% 20.7% 12.7% 20.5%\u00bb advanced_animations=\u00bbno\u00bb item_padding_1024_1280=\u00bb10% 19.3% 11.5% 18%\u00bb item_padding_600_768=\u00bb7.5% 17.7% 11.5% 16%\u00bb item_padding_480_600=\u00bb7% 17% 11.5% 16% \u00bb item_padding_480=\u00bb3% 16.7% 11.5% 16%\u00bb][vc_column_text]<\/p>\n<h3 style=\"text-align: left;\">Calidad, Gesti\u00f3n y Visi\u00f3n de Futuro<\/h3>\n<p>[\/vc_column_text][vc_column_text]Apostamos por la modernizaci\u00f3n del sector mediante:<\/p>\n<ul>\n<li aria-level=\"1\">Sistemas de gesti\u00f3n especializados como el programa Masterpan.<\/li>\n<li aria-level=\"1\">Empresas externas para el control higi\u00e9nico-sanitario, prevenci\u00f3n de riesgos y calidad.<\/li>\n<li aria-level=\"1\">Tres establecimientos propios y colaboraci\u00f3n con diversas cafeter\u00edas que conf\u00edan en nuestra marca.<\/li>\n<li aria-level=\"1\">Presencia activa en redes sociales y consolidaci\u00f3n de una comunidad global de profesionales a trav\u00e9s del grupo Chocolate-Lovers.<\/li>\n<\/ul>\n<p>Con una identidad s\u00f3lida y una visi\u00f3n estrat\u00e9gica, La Rosa de Oro contin\u00faa evolucionando para ofrecer experiencias \u00fanicas a nuestros clientes y mantener vivo el legado dulce de Jerez.[\/vc_column_text][\/qode_elements_holder_item][\/qode_elements_holder][\/vc_column][\/vc_row][vc_row row_type=\u00bbrow\u00bb use_row_as_full_screen_section=\u00bbno\u00bb type=\u00bbgrid\u00bb anchor=\u00bbdonde\u00bb angled_section=\u00bbno\u00bb text_align=\u00bbleft\u00bb background_image_as_pattern=\u00bbwithout_pattern\u00bb css_animation=\u00bb\u00bb css=\u00bb.vc_custom_1481796910823{padding-top: 118px !important;background-color: #fafafa !important;}\u00bb][vc_column][vc_column_text]<\/p>\n<h3 style=\"text-align: center;\">Recuerde Siempre<\/h3>\n<p>[\/vc_column_text][vc_empty_space height=\u00bb11px\u00bb][vc_column_text]<\/p>\n<h5 style=\"text-align: center;\">Casi un siglo de historia y sabor, desde 1928 contigo.<\/h5>\n<p>[\/vc_column_text][vc_empty_space height=\u00bb45px\u00bb][\/vc_column][\/vc_row][vc_row row_type=\u00bbparallax\u00bb parallax_content_width=\u00bbin_grid\u00bb text_align=\u00bbcenter\u00bb background_image=\u00bb480&#8243; full_screen_section_height=\u00bbno\u00bb][vc_column css=\u00bb.vc_custom_1468419477434{padding-top: 9% !important;padding-bottom: 11.35% !important;}\u00bb][vc_empty_space height=\u00bb11px\u00bb][vc_column_text][\/vc_column_text][vc_empty_space height=\u00bb68px\u00bb][vc_column_text][\/vc_column_text][vc_empty_space height=\u00bb15px\u00bb][vc_column_text][\/vc_column_text][\/vc_column][\/vc_row][vc_row row_type=\u00bbrow\u00bb use_row_as_full_screen_section=\u00bbno\u00bb type=\u00bbgrid\u00bb angled_section=\u00bbno\u00bb text_align=\u00bbleft\u00bb background_image_as_pattern=\u00bbwithout_pattern\u00bb css_animation=\u00bb\u00bb css=\u00bb.vc_custom_1469001054292{padding-top: 27px !important;padding-bottom: 91px !important;background-color: #fafafa !important;}\u00bb][vc_column offset=\u00bbvc_col-lg-6 vc_col-md-6&#8243;][vc_column_text]<b>Tienda Centro<\/b><br \/>\nConsistorio, 7<br \/>\n11403 &#8211; Jerez de la Fra<br \/>\nTelf.\/Fax : 956 33 84 08<\/p>\n<p><b>Tienda P\u00edo XII<\/b><br \/>\nSan Francisco de Paula, 14<br \/>\n11401 &#8211; Jerez de la Fra<br \/>\nTelf.: 956 34 32 40[\/vc_column_text][vc_empty_space height=\u00bb44px\u00bb][vc_column_text]<\/p>\n<h4>S\u00edguenos:<\/h4>\n<p>[\/vc_column_text][vc_empty_space height=\u00bb8px\u00bb]<span class='q_social_icon_holder normal_social' data-color=#323232 data-hover-color=#bf9f3f><a itemprop='url' href='http:\/\/facebook.com\/larosadeoro' target='_blank'><span aria-hidden=\"true\" class=\"qode_icon_font_elegant social_facebook  simple_social\" style=\"color: #323232;margin: 0 26px 0 0;font-size: 22px;\" ><\/span><\/a><\/span><span class='q_social_icon_holder normal_social' data-color=#323232 data-hover-color=#97c240><a itemprop='url' href='https:\/\/www.pinterest.com' target='_blank'><span aria-hidden=\"true\" class=\"qode_icon_font_elegant social_pinterest  simple_social\" style=\"color: #323232;margin: 0 26px 0 0;font-size: 22px;\" ><\/span><\/a><\/span><span class='q_social_icon_holder normal_social' data-color=#323232 data-hover-color=#97c240><a itemprop='url' href='https:\/\/plus.google.com\/' target='_blank'><span aria-hidden=\"true\" class=\"qode_icon_font_elegant social_googleplus  simple_social\" style=\"color: #323232;margin: 0 26px 0 0;font-size: 22px;\" ><\/span><\/a><\/span><span class='q_social_icon_holder normal_social' data-color=#323232 data-hover-color=#97c240><a itemprop='url' href='https:\/\/www.instagram.com' target='_blank'><span aria-hidden=\"true\" class=\"qode_icon_font_elegant social_instagram  simple_social\" style=\"color: #323232;margin: 0 26px 0 0;font-size: 22px;\" ><\/span><\/a><\/span><span class='q_social_icon_holder normal_social' data-color=#323232 data-hover-color=#97c240><a itemprop='url' href='https:\/\/www.youtube.com\/channel\/UCwv5F7QOz-f2_raQEkLiu2Q' target='_blank'><span aria-hidden=\"true\" class=\"qode_icon_font_elegant social_youtube  simple_social\" style=\"color: #323232;margin: 0 26px 0 0;font-size: 22px;\" ><\/span><\/a><\/span>[vc_empty_space height=\u00bb40px\u00bb][\/vc_column][vc_column offset=\u00bbvc_col-lg-6 vc_col-md-6&#8243;][vc_column_text]<div role=\"form\" class=\"wpcf7\" id=\"wpcf7-f334-o1\" lang=\"es-ES\" dir=\"ltr\">\n<div class=\"screen-reader-response\"><\/div>\n<form action=\"\/roscondereyes\/wp-json\/wp\/v2\/pages\/425#wpcf7-f334-o1\" method=\"post\" class=\"wpcf7-form\" novalidate=\"novalidate\">\n<div style=\"display: none;\">\n<input type=\"hidden\" name=\"_wpcf7\" value=\"334\" \/>\n<input type=\"hidden\" name=\"_wpcf7_version\" value=\"4.6\" \/>\n<input type=\"hidden\" name=\"_wpcf7_locale\" value=\"es_ES\" \/>\n<input type=\"hidden\" name=\"_wpcf7_unit_tag\" value=\"wpcf7-f334-o1\" \/>\n<input type=\"hidden\" name=\"_wpnonce\" value=\"903ee97eb2\" \/>\n<\/div>\n<p><label> Nombre (requerido)<br \/>\n    <span class=\"wpcf7-form-control-wrap your-name\"><input type=\"text\" name=\"your-name\" value=\"\" size=\"40\" class=\"wpcf7-form-control wpcf7-text wpcf7-validates-as-required\" aria-required=\"true\" aria-invalid=\"false\" \/><\/span> <\/label><\/p>\n<p><label> Tu correo electr\u00f3nico (requerido)<br \/>\n    <span class=\"wpcf7-form-control-wrap your-email\"><input type=\"email\" name=\"your-email\" value=\"\" size=\"40\" class=\"wpcf7-form-control wpcf7-text wpcf7-email wpcf7-validates-as-required wpcf7-validates-as-email\" aria-required=\"true\" aria-invalid=\"false\" \/><\/span> <\/label><\/p>\n<p><label> Asunto<br \/>\n    <span class=\"wpcf7-form-control-wrap your-subject\"><input type=\"text\" name=\"your-subject\" value=\"\" size=\"40\" class=\"wpcf7-form-control wpcf7-text\" aria-invalid=\"false\" \/><\/span> <\/label><\/p>\n<p><label> Mensaje<br \/>\n    <span class=\"wpcf7-form-control-wrap your-message\"><textarea name=\"your-message\" cols=\"40\" rows=\"10\" class=\"wpcf7-form-control wpcf7-textarea\" aria-invalid=\"false\"><\/textarea><\/span> <\/label><\/p>\n<p><span class=\"wpcf7-form-control-wrap wpcaptcha-107\"><p class=\"c4wp-display-captcha-form\"><label for=\"Captcha\">Captcha<\/label><div class=\"c4wp-google-recaptcha\"><\/div><\/span><input type=\"hidden\" name=\"wpcaptcha-107-sn\" \/><\/p>\n<p><input type=\"submit\" value=\"Enviar\" class=\"wpcf7-form-control wpcf7-submit\" \/><\/p>\n<div class=\"wpcf7-response-output wpcf7-display-none\"><\/div><\/form><\/div>[\/vc_column_text][vc_empty_space height=\u00bb21px\u00bb][\/vc_column][\/vc_row][vc_row row_type=\u00bbrow\u00bb use_row_as_full_screen_section=\u00bbno\u00bb type=\u00bbfull_width\u00bb anchor=\u00bblocalizacion\u00bb angled_section=\u00bbno\u00bb text_align=\u00bbleft\u00bb background_image_as_pattern=\u00bbwithout_pattern\u00bb css_animation=\u00bb\u00bb][vc_column][\/vc_column][\/vc_row]<\/p>\n","protected":false},"excerpt":{"rendered":"<p>[vc_row row_type=\u00bbrow\u00bb use_row_as_full_screen_section=\u00bbno\u00bb type=\u00bbgrid\u00bb anchor=\u00bbabout\u00bb angled_section=\u00bbno\u00bb text_align=\u00bbleft\u00bb background_image_as_pattern=\u00bbwithout_pattern\u00bb css_animation=\u00bb\u00bb css=\u00bb.vc_custom_1468421315903{padding-top: 100px !important;padding-bottom: 87px !important;}\u00bb][vc_column][vc_single_image image=\u00bb327&#8243; img_size=\u00bbfull\u00bb alignment=\u00bbcenter\u00bb qode_css_animation=\u00bb\u00bb][vc_empty_space height=\u00bb26px\u00bb][vc_column_text] La Rosa de Oro \u2013 Excelencia Artesana desde 1928 [\/vc_column_text][vc_empty_space height=\u00bb11px\u00bb][vc_column_text] Con casi un siglo de historia, La Rosa de Oro es un emblema de la&#8230;<\/p>\n","protected":false},"author":1,"featured_media":0,"parent":0,"menu_order":0,"comment_status":"closed","ping_status":"closed","template":"full_width.php","meta":[],"_links":{"self":[{"href":"https:\/\/larosadeoro.net\/roscondereyes\/wp-json\/wp\/v2\/pages\/425"}],"collection":[{"href":"https:\/\/larosadeoro.net\/roscondereyes\/wp-json\/wp\/v2\/pages"}],"about":[{"href":"https:\/\/larosadeoro.net\/roscondereyes\/wp-json\/wp\/v2\/types\/page"}],"author":[{"embeddable":true,"href":"https:\/\/larosadeoro.net\/roscondereyes\/wp-json\/wp\/v2\/users\/1"}],"replies":[{"embeddable":true,"href":"https:\/\/larosadeoro.net\/roscondereyes\/wp-json\/wp\/v2\/comments?post=425"}],"version-history":[{"count":43,"href":"https:\/\/larosadeoro.net\/roscondereyes\/wp-json\/wp\/v2\/pages\/425\/revisions"}],"predecessor-version":[{"id":482,"href":"https:\/\/larosadeoro.net\/roscondereyes\/wp-json\/wp\/v2\/pages\/425\/revisions\/482"}],"wp:attachment":[{"href":"https:\/\/larosadeoro.net\/roscondereyes\/wp-json\/wp\/v2\/media?parent=425"}],"curies":[{"name":"wp","href":"https:\/\/api.w.org\/{rel}","templated":true}]}}